{"id":8,"date":"2017-10-04T20:11:45","date_gmt":"2017-10-04T20:11:45","guid":{"rendered":"http:\/\/ksaprometheus.ffzg.unizg.hr\/?page_id=8"},"modified":"2025-01-16T11:17:10","modified_gmt":"2025-01-16T10:17:10","slug":"about","status":"publish","type":"page","link":"https:\/\/ksaprometheus.ffzg.unizg.hr\/?page_id=8","title":{"rendered":"O Klubu"},"content":{"rendered":"<p><strong>Klub studenata antropologije<em> Prometheus<\/em><\/strong> slu\u017ebeni je klub studenata antropologije na Filozofskom fakultetu Sveu\u010dili\u0161ta u Zagrebu, koji okuplja i studente drugih smjerova.<\/p>\n<p>Neki od ciljeva Kluba su:<\/p>\n<ul>\n<li>ostvarivanje obrazovnih, dru\u0161tvenih, kulturnih i drugih interesa <strong>trenutnih i diplomiranih studenata antropologije<\/strong>;<\/li>\n<li>promicanje antropologije kao <strong>struke<\/strong>;<\/li>\n<li><strong>za\u0161tita<\/strong> standarda i socijalnog statusa studenata i diplomiranih studenata antropologije;<\/li>\n<li><strong>povezivanje i suradnja<\/strong> s drugim studentskim, omladinskim i drugim organizacijama na Fakultetu, Sveu\u010dili\u0161tu i \u0161ire.<\/li>\n<\/ul>\n<p>Klub je otvoren svim studenticama i studentima antropologije te ostalim studentima Filozofskog fakulteta koji dijele na\u0161e zanimanje i ljubav prema polju ant<span class=\"text_exposed_show\">ropologije.<\/span><\/p>\n<hr \/>\n<p><strong>Predsjednica<\/strong>: Dora Le\u0161njak<br \/>\n<b>Potpredsjednica:<\/b> Barbara \u0160imi\u0107<br \/>\n<strong>Glavna tajnica:\u00a0<\/strong>Dora Malinari\u0107<\/p>\n","protected":false},"excerpt":{"rendered":"<p>Klub studenata antropologije Prometheus slu\u017ebeni je klub studenata antropologije na Filozofskom fakultetu Sveu\u010dili\u0161ta u Zagrebu, koji okuplja i studente drugih smjerova. Neki od ciljeva Kluba su: ostvarivanje obrazovnih, dru\u0161tvenih, kulturnih i drugih interesa trenutnih i diplomiranih studenata antropologije; promicanje antropologije kao struke; za\u0161tita standarda i socijalnog statusa studenata i diplomiranih studenata antropologije; povezivanje i suradnja [&hellip;]<\/p>\n","protected":false},"author":2,"featured_media":0,"parent":0,"menu_order":0,"comment_status":"closed","ping_status":"closed","template":"","meta":{"footnotes":""},"class_list":["post-8","page","type-page","status-publish","hentry"],"_links":{"self":[{"href":"https:\/\/ksaprometheus.ffzg.unizg.hr\/index.php?rest_route=\/wp\/v2\/pages\/8","targetHints":{"allow":["GET"]}}],"collection":[{"href":"https:\/\/ksaprometheus.ffzg.unizg.hr\/index.php?rest_route=\/wp\/v2\/pages"}],"about":[{"href":"https:\/\/ksaprometheus.ffzg.unizg.hr\/index.php?rest_route=\/wp\/v2\/types\/page"}],"author":[{"embeddable":true,"href":"https:\/\/ksaprometheus.ffzg.unizg.hr\/index.php?rest_route=\/wp\/v2\/users\/2"}],"replies":[{"embeddable":true,"href":"https:\/\/ksaprometheus.ffzg.unizg.hr\/index.php?rest_route=%2Fwp%2Fv2%2Fcomments&post=8"}],"version-history":[{"count":13,"href":"https:\/\/ksaprometheus.ffzg.unizg.hr\/index.php?rest_route=\/wp\/v2\/pages\/8\/revisions"}],"predecessor-version":[{"id":1296,"href":"https:\/\/ksaprometheus.ffzg.unizg.hr\/index.php?rest_route=\/wp\/v2\/pages\/8\/revisions\/1296"}],"wp:attachment":[{"href":"https:\/\/ksaprometheus.ffzg.unizg.hr\/index.php?rest_route=%2Fwp%2Fv2%2Fmedia&parent=8"}],"curies":[{"name":"wp","href":"https:\/\/api.w.org\/{rel}","templated":true}]}}