{"id":352,"date":"2023-06-04T19:35:12","date_gmt":"2023-06-04T17:35:12","guid":{"rendered":"https:\/\/ksaprometheus.ffzg.unizg.hr\/?page_id=352"},"modified":"2025-06-25T18:07:47","modified_gmt":"2025-06-25T16:07:47","slug":"alumni","status":"publish","type":"page","link":"https:\/\/ksaprometheus.ffzg.unizg.hr\/?page_id=352","title":{"rendered":"Alumni"},"content":{"rendered":"\n<h2 class=\"wp-block-heading alignwide\" id=\"we-re-a-studio-in-berlin-with-an-international-practice-in-architecture-urban-planning-and-interior-design-we-believe-in-sharing-knowledge-and-promoting-dialogue-to-increase-the-creative-potential-of-collaboration\" style=\"font-size:48px;line-height:1.1\">Na\u0161i biv\u0161i studenti \u010dine neizostavan dio povijesti Kluba: darovali su svoje vrijeme, vje\u0161tine i omogu\u0107ili djelovanje i postojanje udruge. Upoznajte neke od njih!<\/h2>\n\n\n\n<div class=\"wp-block-media-text has-media-on-the-right is-stacked-on-mobile\" style=\"grid-template-columns:auto 40%\"><div class=\"wp-block-media-text__content\">\n<p>POPIS ALUMNA: U IZRADI<\/p>\n<\/div><figure class=\"wp-block-media-text__media\"><img loading=\"lazy\" decoding=\"async\" width=\"1024\" height=\"919\" src=\"https:\/\/ksaprometheus.ffzg.unizg.hr\/wp-content\/uploads\/2025\/03\/under-construction-2408061_1280-1-1024x919.png\" alt=\"\" class=\"wp-image-1404 size-full\" srcset=\"https:\/\/ksaprometheus.ffzg.unizg.hr\/wp-content\/uploads\/2025\/03\/under-construction-2408061_1280-1-1024x919.png 1024w, https:\/\/ksaprometheus.ffzg.unizg.hr\/wp-content\/uploads\/2025\/03\/under-construction-2408061_1280-1-300x269.png 300w, https:\/\/ksaprometheus.ffzg.unizg.hr\/wp-content\/uploads\/2025\/03\/under-construction-2408061_1280-1-768x689.png 768w, https:\/\/ksaprometheus.ffzg.unizg.hr\/wp-content\/uploads\/2025\/03\/under-construction-2408061_1280-1-1200x1077.png 1200w, https:\/\/ksaprometheus.ffzg.unizg.hr\/wp-content\/uploads\/2025\/03\/under-construction-2408061_1280-1.png 1280w\" sizes=\"auto, (max-width: 1024px) 100vw, 1024px\" \/><\/figure><\/div>\n\n\n\n<div class=\"wp-block-media-text alignwide is-stacked-on-mobile\"><figure class=\"wp-block-media-text__media\"><img loading=\"lazy\" decoding=\"async\" width=\"1024\" height=\"1024\" src=\"http:\/\/ksaprometheus.ffzg.unizg.hr\/wp-content\/uploads\/2023\/12\/Dizajn-bez-naslova-5-1024x1024.png\" alt=\"\" class=\"wp-image-677 size-full\" srcset=\"https:\/\/ksaprometheus.ffzg.unizg.hr\/wp-content\/uploads\/2023\/12\/Dizajn-bez-naslova-5-1024x1024.png 1024w, https:\/\/ksaprometheus.ffzg.unizg.hr\/wp-content\/uploads\/2023\/12\/Dizajn-bez-naslova-5-300x300.png 300w, https:\/\/ksaprometheus.ffzg.unizg.hr\/wp-content\/uploads\/2023\/12\/Dizajn-bez-naslova-5-150x150.png 150w, https:\/\/ksaprometheus.ffzg.unizg.hr\/wp-content\/uploads\/2023\/12\/Dizajn-bez-naslova-5-768x768.png 768w, https:\/\/ksaprometheus.ffzg.unizg.hr\/wp-content\/uploads\/2023\/12\/Dizajn-bez-naslova-5.png 1080w\" sizes=\"auto, (max-width: 1024px) 100vw, 1024px\" \/><\/figure><div class=\"wp-block-media-text__content\">\n<p>Ja sam Ivana Primorac, zavr\u0161ila sam studij Etnologije i kulturne antropologije te Lingvistike na Filozofskom fakultetu Sveu\u010dili\u0161ta u Zagrebu. Unutar Kluba Studenata Antropologije Prometheus obna\u0161ala sam ulogu Glavne Tajnice (2023), kao i \u010dlanice Nadzornog odbora (2024). U\u017eivam u \u010ditanju te svoje slobodno vrijeme \u010desto provodim \u010ditaju\u0107i.<\/p>\n<\/div><\/div>\n\n\n\n<figure class=\"wp-block-gallery alignwide has-nested-images columns-default is-cropped wp-block-gallery-1 is-layout-flex wp-block-gallery-is-layout-flex\">\n<figure class=\"wp-block-image size-large\"><img loading=\"lazy\" decoding=\"async\" width=\"1024\" height=\"1024\" data-id=\"681\" src=\"https:\/\/ksaprometheus.ffzg.unizg.hr\/wp-content\/uploads\/2023\/12\/Dizajn-bez-naslova-9-1024x1024.png\" alt=\"\" class=\"wp-image-681\" srcset=\"https:\/\/ksaprometheus.ffzg.unizg.hr\/wp-content\/uploads\/2023\/12\/Dizajn-bez-naslova-9-1024x1024.png 1024w, https:\/\/ksaprometheus.ffzg.unizg.hr\/wp-content\/uploads\/2023\/12\/Dizajn-bez-naslova-9-300x300.png 300w, https:\/\/ksaprometheus.ffzg.unizg.hr\/wp-content\/uploads\/2023\/12\/Dizajn-bez-naslova-9-150x150.png 150w, https:\/\/ksaprometheus.ffzg.unizg.hr\/wp-content\/uploads\/2023\/12\/Dizajn-bez-naslova-9-768x768.png 768w, https:\/\/ksaprometheus.ffzg.unizg.hr\/wp-content\/uploads\/2023\/12\/Dizajn-bez-naslova-9.png 1080w\" sizes=\"auto, (max-width: 1024px) 100vw, 1024px\" \/><\/figure>\n\n\n\n<figure class=\"wp-block-image size-large\"><img loading=\"lazy\" decoding=\"async\" width=\"1024\" height=\"1024\" data-id=\"685\" src=\"https:\/\/ksaprometheus.ffzg.unizg.hr\/wp-content\/uploads\/2023\/12\/Dizajn-bez-naslova-13-1-1024x1024.png\" alt=\"\" class=\"wp-image-685\" srcset=\"https:\/\/ksaprometheus.ffzg.unizg.hr\/wp-content\/uploads\/2023\/12\/Dizajn-bez-naslova-13-1-1024x1024.png 1024w, https:\/\/ksaprometheus.ffzg.unizg.hr\/wp-content\/uploads\/2023\/12\/Dizajn-bez-naslova-13-1-300x300.png 300w, https:\/\/ksaprometheus.ffzg.unizg.hr\/wp-content\/uploads\/2023\/12\/Dizajn-bez-naslova-13-1-150x150.png 150w, https:\/\/ksaprometheus.ffzg.unizg.hr\/wp-content\/uploads\/2023\/12\/Dizajn-bez-naslova-13-1-768x768.png 768w, https:\/\/ksaprometheus.ffzg.unizg.hr\/wp-content\/uploads\/2023\/12\/Dizajn-bez-naslova-13-1.png 1080w\" sizes=\"auto, (max-width: 1024px) 100vw, 1024px\" \/><\/figure>\n<\/figure>\n\n\n\n<p>Anelie \u0160trbenc i Lorena Rajkovi\u0107<\/p>\n\n\n\n<div style=\"height:100px\" aria-hidden=\"true\" class=\"wp-block-spacer\"><\/div>\n\n\n\n<p class=\"has-text-align-left\" style=\"font-size:18px\">Nekada si pripadala ili pripadao Klubu i \u017eeli\u0161 se povezati s dana\u0161njim studentima? Uvijek \u017eelimo \u010duti o iskustvima diplomiranih antropologa &#8211; javi nam se!<\/p>\n\n\n\n<div class=\"forminator-guttenberg\"><div class=\"forminator-ui forminator-custom-form forminator-custom-form-1391 forminator-design--default  forminator_ajax\" data-forminator-render=\"0\" data-form=\"forminator-module-1391\" data-uid=\"69e227dbc5026\"><br\/><\/div><form\n\t\t\t\tid=\"forminator-module-1391\"\n\t\t\t\tclass=\"forminator-ui forminator-custom-form forminator-custom-form-1391 forminator-design--default  forminator_ajax\"\n\t\t\t\tmethod=\"post\"\n\t\t\t\tdata-forminator-render=\"0\"\n\t\t\t\tdata-form-id=\"1391\"\n\t\t\t\t data-color-option=\"theme\" data-design=\"default\" data-grid=\"open\" style=\"display: none;\"\n\t\t\t\tdata-uid=\"69e227dbc5026\"\n\t\t\t><div role=\"alert\" aria-live=\"polite\" class=\"forminator-response-message forminator-error\" aria-hidden=\"true\"><\/div><div class=\"forminator-row\"><div id=\"name-1\" class=\"forminator-field-name forminator-col forminator-col-12 \"><div class=\"forminator-field\"><label for=\"forminator-field-name-1_69e227dbc5026\" id=\"forminator-field-name-1_69e227dbc5026-label\" class=\"forminator-label\">Ime i prezime <span class=\"forminator-required\">*<\/span><\/label><input type=\"text\" name=\"name-1\" value=\"\" placeholder=\"\" id=\"forminator-field-name-1_69e227dbc5026\" class=\"forminator-input forminator-name--field\" aria-required=\"true\" autocomplete=\"name\" \/><\/div><\/div><\/div><div class=\"forminator-row\"><div id=\"email-1\" class=\"forminator-field-email forminator-col forminator-col-12 \"><div class=\"forminator-field\"><label for=\"forminator-field-email-1_69e227dbc5026\" id=\"forminator-field-email-1_69e227dbc5026-label\" class=\"forminator-label\">Email adresa <span class=\"forminator-required\">*<\/span><\/label><input type=\"email\" name=\"email-1\" value=\"\" placeholder=\"\" id=\"forminator-field-email-1_69e227dbc5026\" class=\"forminator-input forminator-email--field\" data-required=\"true\" aria-required=\"true\" autocomplete=\"email\" \/><\/div><\/div><\/div><div class=\"forminator-row\"><div id=\"textarea-1\" class=\"forminator-field-textarea forminator-col forminator-col-12 \"><div class=\"forminator-field\"><label for=\"forminator-field-textarea-1_69e227dbc5026\" id=\"forminator-field-textarea-1_69e227dbc5026-label\" class=\"forminator-label\">Poruka<\/label><span id=\"forminator-field-textarea-1_69e227dbc5026-description\" class=\"forminator-description\"><span data-limit=\"180\" data-type=\"characters\" data-editor=\"\">0 \/ 180<\/span><\/span><textarea name=\"textarea-1\" placeholder=\"Unesite svoju poruku...\" id=\"forminator-field-textarea-1_69e227dbc5026\" class=\"forminator-textarea\" rows=\"6\" style=\"min-height:140px;\" maxlength=\"180\" ><\/textarea><\/div><\/div><\/div><input type=\"hidden\" name=\"referer_url\" value=\"\" \/><div class=\"forminator-row forminator-row-last\"><div class=\"forminator-col\"><div class=\"forminator-field\"><button class=\"forminator-button forminator-button-submit\">Po&scaron;alji<\/button><\/div><\/div><\/div><input type=\"hidden\" id=\"forminator_nonce\" name=\"forminator_nonce\" value=\"6c626757e2\" \/><input type=\"hidden\" name=\"_wp_http_referer\" value=\"\/index.php?rest_route=%2Fwp%2Fv2%2Fpages%2F352\" \/><input type=\"hidden\" name=\"form_id\" value=\"1391\"><input type=\"hidden\" name=\"page_id\" value=\"352\"><input type=\"hidden\" name=\"form_type\" value=\"default\"><input type=\"hidden\" name=\"current_url\" value=\"https:\/\/ksaprometheus.ffzg.unizg.hr\/?page_id=352\"><input type=\"hidden\" name=\"render_id\" value=\"0\"><input type=\"hidden\" name=\"action\" value=\"forminator_submit_form_custom-forms\"><\/form><\/div>\n","protected":false},"excerpt":{"rendered":"<p>Na\u0161i biv\u0161i studenti \u010dine neizostavan dio povijesti Kluba: darovali su svoje vrijeme, vje\u0161tine i omogu\u0107ili djelovanje i postojanje udruge. Upoznajte neke od njih! POPIS ALUMNA: U IZRADI Ja sam Ivana Primorac, zavr\u0161ila sam studij Etnologije i kulturne antropologije te Lingvistike na Filozofskom fakultetu Sveu\u010dili\u0161ta u Zagrebu. Unutar Kluba Studenata Antropologije Prometheus obna\u0161ala sam ulogu Glavne [&hellip;]<\/p>\n","protected":false},"author":2,"featured_media":0,"parent":0,"menu_order":0,"comment_status":"closed","ping_status":"closed","template":"","meta":{"footnotes":""},"class_list":["post-352","page","type-page","status-publish","hentry"],"_links":{"self":[{"href":"https:\/\/ksaprometheus.ffzg.unizg.hr\/index.php?rest_route=\/wp\/v2\/pages\/352","targetHints":{"allow":["GET"]}}],"collection":[{"href":"https:\/\/ksaprometheus.ffzg.unizg.hr\/index.php?rest_route=\/wp\/v2\/pages"}],"about":[{"href":"https:\/\/ksaprometheus.ffzg.unizg.hr\/index.php?rest_route=\/wp\/v2\/types\/page"}],"author":[{"embeddable":true,"href":"https:\/\/ksaprometheus.ffzg.unizg.hr\/index.php?rest_route=\/wp\/v2\/users\/2"}],"replies":[{"embeddable":true,"href":"https:\/\/ksaprometheus.ffzg.unizg.hr\/index.php?rest_route=%2Fwp%2Fv2%2Fcomments&post=352"}],"version-history":[{"count":11,"href":"https:\/\/ksaprometheus.ffzg.unizg.hr\/index.php?rest_route=\/wp\/v2\/pages\/352\/revisions"}],"predecessor-version":[{"id":1468,"href":"https:\/\/ksaprometheus.ffzg.unizg.hr\/index.php?rest_route=\/wp\/v2\/pages\/352\/revisions\/1468"}],"wp:attachment":[{"href":"https:\/\/ksaprometheus.ffzg.unizg.hr\/index.php?rest_route=%2Fwp%2Fv2%2Fmedia&parent=352"}],"curies":[{"name":"wp","href":"https:\/\/api.w.org\/{rel}","templated":true}]}}