{"id":351,"date":"2023-06-04T19:35:12","date_gmt":"2023-06-04T17:35:12","guid":{"rendered":"https:\/\/ksaprometheus.ffzg.unizg.hr\/?page_id=351"},"modified":"2025-05-14T10:52:03","modified_gmt":"2025-05-14T08:52:03","slug":"suradnje","status":"publish","type":"page","link":"https:\/\/ksaprometheus.ffzg.unizg.hr\/?page_id=351","title":{"rendered":"Poziv za izlaga\u010de"},"content":{"rendered":"\n<h2 class=\"wp-block-heading\">Praksopologija 2<\/h2>\n\n\n\n<div class=\"wp-block-media-text alignwide is-stacked-on-mobile\"><figure class=\"wp-block-media-text__media\"><img loading=\"lazy\" decoding=\"async\" width=\"819\" height=\"1024\" src=\"https:\/\/ksaprometheus.ffzg.unizg.hr\/wp-content\/uploads\/2025\/03\/PRAKSOPOLOGIJA-2-1-819x1024.png\" alt=\"\" class=\"wp-image-1377 size-full\" srcset=\"https:\/\/ksaprometheus.ffzg.unizg.hr\/wp-content\/uploads\/2025\/03\/PRAKSOPOLOGIJA-2-1-819x1024.png 819w, https:\/\/ksaprometheus.ffzg.unizg.hr\/wp-content\/uploads\/2025\/03\/PRAKSOPOLOGIJA-2-1-240x300.png 240w, https:\/\/ksaprometheus.ffzg.unizg.hr\/wp-content\/uploads\/2025\/03\/PRAKSOPOLOGIJA-2-1-768x960.png 768w, https:\/\/ksaprometheus.ffzg.unizg.hr\/wp-content\/uploads\/2025\/03\/PRAKSOPOLOGIJA-2-1.png 1080w\" sizes=\"auto, (max-width: 819px) 100vw, 819px\" \/><\/figure><div class=\"wp-block-media-text__content\">\n<p>Pozivamo sve zainteresirane antropologe i etnologe (i one iz srodnih disciplina) da prijave svoja izlaganja o medicinskoj antropologiji i etnologiji i kulturnoj antropologiji koja se bave temama iz javnog zdravstva na interdisciplinarnom skupu <a href=\"https:\/\/ksaprometheus.ffzg.unizg.hr\/?page_id=347\" data-type=\"link\" data-id=\"https:\/\/ksaprometheus.ffzg.unizg.hr\/?page_id=347\">Praksopologija<\/a>: perspektive o javnom zdravstvu koji \u0107e se odr\u017eati u travnju 2025. godine na Filozofskom fakultetu u Zagrebu. Trajanje izlaganja predvi\u0111eno je na 15-20 minuta.<\/p>\n\n\n\n<p>Molimo da svoje prijave po\u0161aljete na adresu: praksopologija.ant.eka@gmail.com<br>Rok za prijavu: 16. 4. 2025.<\/p>\n\n\n\n<p>Prijava treba sadr\u017eavati:<\/p>\n\n\n\n<ul class=\"wp-block-list\">\n<li>ime i prezime izlaga\u010da\/ice, broj telefona\/mobitela, e-po\u0161tu<\/li>\n\n\n\n<li>naslov i sa\u017eetak izlaganja<\/li>\n\n\n\n<li>kratku biografiju (do 100 rije\u010di)<\/li>\n<\/ul>\n\n\n\n<p>Radujemo se Va\u0161im&nbsp;prijavama!<\/p>\n<\/div><\/div>\n\n\n\n<hr class=\"wp-block-separator has-alpha-channel-opacity\"\/>\n\n\n\n<h2 class=\"wp-block-heading\">Pripreme 7. broja Antropolo\u0161kog almanaha<\/h2>\n\n\n\n<p>Dragi studenti antropologije i srodnih znanosti ili samo ljubitelji antropologije,<br>pozivamo vas na slanje radova za 7. broj \u201cAntropolo\u0161kog almanaha\u201d!<br>\u201cAntropolo\u0161ki almanah\u201d \u010dasopis je koji izlazi od 2015. godine, a od tre\u0107ega je broja potpuno u studentskom vodstvu. U svakom broju izlazi mno\u0161tvo radova i prikaza koje pi\u0161u studenti antropologije i srodnih struka te intervjua sa zna\u010dajnim antropolozima.<br>Tema za ovaj broj nije zadana te u obzir dolazi sve \u0161to ima ikakve veze s antropologijom, izbor je na vama!<\/p>\n\n\n\n<p>Prijave na mail: <strong>antalmanahffzg@gmail.com<\/strong><br>Rok je za slanje radova 5. svibnja 2025. godine. <br>         <strong> PRODULJENO do 29. svibnja!<\/strong><br>Radujemo se \u010ditanju\u00a0va\u0161ih\u00a0radova!<\/p>\n\n\n\n<div class=\"wp-block-buttons is-layout-flex wp-block-buttons-is-layout-flex\">\n<div class=\"wp-block-button is-style-outline is-style-outline--1\"><a class=\"wp-block-button__link wp-element-button\" href=\"https:\/\/ksaprometheus.ffzg.unizg.hr\/?page_id=350\" style=\"border-radius:0px\">UPUTE AUTORIMA<\/a><\/div>\n\n\n\n<div class=\"wp-block-button is-style-outline is-style-outline--2\"><a class=\"wp-block-button__link wp-element-button\" href=\"https:\/\/ksaprometheus.ffzg.unizg.hr\/?page_id=350\">INSTRUCTIONS FOR AUTHORS<\/a><\/div>\n<\/div>\n\n\n\n<p>With pleasure, we announce the submissions for the 7th issue of the Antropolo\u0161ki almanah magazine are open and therefore invite all interested students of anthropology and other related disciplines or just anthropology enthusiasts to submit their papers to us!<br>Antropolo\u0161ki almanah is a journal that has been published since 2015, and since the third issue it has been student-led. Each issue covers a multitude of topics in anthropology and related fields, as well as interviews with notable anthropologists.<br>The theme of the issue is not specific, and we accept anything that has to do with anthropology, the choice is yours!<\/p>\n\n\n\n<p>Submissions: <strong>antalmanahffzg@gmail.com<\/strong><br>The deadline for submissions is May 5, 2025.<br>                   <strong>EXTENDED until May 29th!<\/strong><br>We look forward to reading your papers!<\/p>\n\n\n\n<figure class=\"wp-block-gallery alignwide has-nested-images columns-default is-cropped wp-block-gallery-3 is-layout-flex wp-block-gallery-is-layout-flex\">\n<figure class=\"wp-block-image size-large is-style-default\"><img loading=\"lazy\" decoding=\"async\" width=\"819\" height=\"1024\" data-id=\"1372\" src=\"https:\/\/ksaprometheus.ffzg.unizg.hr\/wp-content\/uploads\/2025\/03\/1.png\" alt=\"\" class=\"wp-image-1372\" srcset=\"https:\/\/ksaprometheus.ffzg.unizg.hr\/wp-content\/uploads\/2025\/03\/1.png 819w, https:\/\/ksaprometheus.ffzg.unizg.hr\/wp-content\/uploads\/2025\/03\/1-240x300.png 240w, https:\/\/ksaprometheus.ffzg.unizg.hr\/wp-content\/uploads\/2025\/03\/1-768x960.png 768w\" sizes=\"auto, (max-width: 819px) 100vw, 819px\" \/><\/figure>\n\n\n\n<figure class=\"wp-block-image size-large\"><img loading=\"lazy\" decoding=\"async\" width=\"819\" height=\"1024\" data-id=\"1371\" src=\"https:\/\/ksaprometheus.ffzg.unizg.hr\/wp-content\/uploads\/2025\/03\/2.png\" alt=\"\" class=\"wp-image-1371\" srcset=\"https:\/\/ksaprometheus.ffzg.unizg.hr\/wp-content\/uploads\/2025\/03\/2.png 819w, https:\/\/ksaprometheus.ffzg.unizg.hr\/wp-content\/uploads\/2025\/03\/2-240x300.png 240w, https:\/\/ksaprometheus.ffzg.unizg.hr\/wp-content\/uploads\/2025\/03\/2-768x960.png 768w\" sizes=\"auto, (max-width: 819px) 100vw, 819px\" \/><\/figure>\n<\/figure>\n\n\n\n<hr class=\"wp-block-separator has-alpha-channel-opacity\"\/>\n\n\n\n<h2 class=\"wp-block-heading\">Produljenje roka prijave za 6. broj Antropolo\u0161kog almanaha \/ Extension of the application deadline for the 6th issue of the Anthropological Almanac<\/h2>\n\n\n\n<p>Novi rok prijave je <strong>30. travnja 2024.!<\/strong> The new deadline for submissions is&nbsp;<strong>April 30, 2024<\/strong>!<\/p>\n\n\n\n<p>Veselimo se Va\u0161im prijavama!  <\/p>\n\n\n\n<hr class=\"wp-block-separator has-alpha-channel-opacity\"\/>\n\n\n\n<h2 class=\"wp-block-heading\">Pripreme 6. broja Antropolo\u0161kog almanaha<\/h2>\n\n\n\n<p>S veseljem najavljujemo pripreme 6. broja Antropolo\u0161kog almanaha, stoga pozivamo sve zainteresirane studente antropologije i ostalih srodnih disciplina da nam po\u0161alju svoje radove!  Tema broja nije unaprijed zadana te prihva\u0107amo radove koji pokrivaju teme iz podru\u010dja biolo\u0161ke, arheolo\u0161ke, lingvisti\u010dke, kulturne, socijalne, medicinske i forenzi\u010dne antropologije.  Rok za prijave je <strong>15. travnja 2024<\/strong>. godine. <\/p>\n\n\n\n<p>Veselimo se Va\u0161im prijavama!  <\/p>\n\n\n\n<div class=\"wp-block-columns is-layout-flex wp-container-core-columns-is-layout-9d6595d7 wp-block-columns-is-layout-flex\">\n<div class=\"wp-block-column is-layout-flow wp-block-column-is-layout-flow\" style=\"flex-basis:100%\">\n<div class=\"wp-block-buttons is-content-justification-center is-layout-flex wp-container-core-buttons-is-layout-16018d1d wp-block-buttons-is-layout-flex\">\n<div class=\"wp-block-button\"><a class=\"wp-block-button__link has-text-color has-link-color wp-element-button\" href=\"https:\/\/ksaprometheus.ffzg.unizg.hr\/?page_id=350\" style=\"color:#f6f2f2\" target=\"_blank\" rel=\"noreferrer noopener\">uputE autorIMA<\/a><\/div>\n<\/div>\n<\/div>\n<\/div>\n\n\n\n<div class=\"wp-block-buttons is-content-justification-center is-layout-flex wp-container-core-buttons-is-layout-16018d1d wp-block-buttons-is-layout-flex\">\n<div class=\"wp-block-button\"><a class=\"wp-block-button__link has-text-color has-link-color wp-element-button\" href=\"https:\/\/ksaprometheus.ffzg.unizg.hr\/?3d-flip-book=aa5\" style=\"color:#f6f2f2\" target=\"_blank\" rel=\"noreferrer noopener\">pro\u0161li broj AA<\/a><\/div>\n<\/div>\n\n\n\n<hr class=\"wp-block-separator has-alpha-channel-opacity\"\/>\n\n\n\n<p>With pleasure, we announce the submissions for the 6th issue of the Antropolo\u0161ki almanah magazine are open and therefore invite all interested students of anthropology and other related disciplines to submit their papers to us! The theme of the issue is not specific, and we accept papers covering topics in the fields of biological, archaeological, linguistic, cultural, social, medical and forensic anthropology. The deadline for submissions is <strong>April 15, 2024. <\/strong><\/p>\n\n\n\n<p>We look forward to your applications! <\/p>\n\n\n\n<div class=\"wp-block-buttons is-content-justification-center is-layout-flex wp-container-core-buttons-is-layout-16018d1d wp-block-buttons-is-layout-flex\">\n<div class=\"wp-block-button\"><a class=\"wp-block-button__link has-text-color has-link-color wp-element-button\" href=\"https:\/\/ksaprometheus.ffzg.unizg.hr\/?page_id=350\" style=\"color:#f6f2f2\" target=\"_blank\" rel=\"noreferrer noopener\">instructions for authors<\/a><\/div>\n<\/div>\n\n\n\n<div class=\"wp-block-buttons alignfull is-content-justification-center is-layout-flex wp-container-core-buttons-is-layout-16018d1d wp-block-buttons-is-layout-flex\">\n<div class=\"wp-block-button\"><a class=\"wp-block-button__link has-text-color has-link-color wp-element-button\" href=\"https:\/\/ksaprometheus.ffzg.unizg.hr\/?3d-flip-book=aa5\" style=\"color:#f6f2f2\" target=\"_blank\" rel=\"noreferrer noopener\">latest AA issue<\/a><\/div>\n<\/div>\n\n\n\n<p class=\"has-text-align-left\"><\/p>\n\n\n<div class=\"wp-block-image\">\n<figure class=\"aligncenter size-large is-resized\"><img loading=\"lazy\" decoding=\"async\" width=\"1024\" height=\"1024\" src=\"https:\/\/ksaprometheus.ffzg.unizg.hr\/wp-content\/uploads\/2024\/02\/WhatsApp-Slika-2024-02-23-u-19.17.15_71d72455-1-1024x1024.jpg\" alt=\"\" class=\"wp-image-1056\" style=\"width:470px;height:auto\" srcset=\"https:\/\/ksaprometheus.ffzg.unizg.hr\/wp-content\/uploads\/2024\/02\/WhatsApp-Slika-2024-02-23-u-19.17.15_71d72455-1-1024x1024.jpg 1024w, https:\/\/ksaprometheus.ffzg.unizg.hr\/wp-content\/uploads\/2024\/02\/WhatsApp-Slika-2024-02-23-u-19.17.15_71d72455-1-300x300.jpg 300w, https:\/\/ksaprometheus.ffzg.unizg.hr\/wp-content\/uploads\/2024\/02\/WhatsApp-Slika-2024-02-23-u-19.17.15_71d72455-1-150x150.jpg 150w, https:\/\/ksaprometheus.ffzg.unizg.hr\/wp-content\/uploads\/2024\/02\/WhatsApp-Slika-2024-02-23-u-19.17.15_71d72455-1-768x768.jpg 768w, https:\/\/ksaprometheus.ffzg.unizg.hr\/wp-content\/uploads\/2024\/02\/WhatsApp-Slika-2024-02-23-u-19.17.15_71d72455-1.jpg 1080w\" sizes=\"auto, (max-width: 1024px) 100vw, 1024px\" \/><\/figure>\n<\/div>\n\n\n<hr class=\"wp-block-separator has-alpha-channel-opacity\"\/>\n\n\n\n<h2 class=\"wp-block-heading\">Praksopologija<\/h2>\n\n\n\n<p>U suradnji s Klubom studenata etnologije i kulturne antropologije KSEKA<\/p>\n\n\n\n<p>Pozivamo sve zainteresirane antropologe i etnologe (i one iz srodnih disciplina) da prijave svoja izlaganja o primjeni antropologije i etnologije i kulturne antropologije izvan okvira (nakon studija, izvan akademske zajednice, povezivanje s drugom studijskom grupom i afinitetima) na Interdisciplinarnom skupu <em>Praksopologija: Antropolozi i etnolozi izvan okvira<\/em> koji \u0107e se odr\u017eati u travnju 2024. godine na Filozofskom fakultetu u Zagrebu. Trajanje izlaganja predvi\u0111eno je na 15-20 minuta.<\/p>\n\n\n\n<p>Molimo da svoje prijave po\u0161aljete na adresu: praksopologija.ant.eka@gmail.com<br>Rok za prijavu: <strong><em>9.1.2024<\/em>.<\/strong><\/p>\n\n\n\n<p>Prijava treba sadr\u017eavati:<br>-ime i prezime izlaga\u010da\/ice, broj telefona\/mobitela, e-po\u0161ta<br>-naslov i sa\u017eetak izlaganja<br>-kratka biografija (do 100 rije\u010di)<\/p>\n\n\n\n<p>Radujemo se Va\u0161im prijavama!<\/p>\n\n\n<div class=\"wp-block-image\">\n<figure class=\"aligncenter size-full is-resized\"><a href=\"https:\/\/www.instagram.com\/p\/C04oMfvMIbG\/?utm_source=ig_web_copy_link&amp;igshid=MzRlODBiNWFlZA==\"><img loading=\"lazy\" decoding=\"async\" width=\"1080\" height=\"1077\" src=\"http:\/\/ksaprometheus.ffzg.unizg.hr\/wp-content\/uploads\/2023\/12\/410470631_727310068988663_704943913383303285_n.jpg\" alt=\"alt=&quot;image showing a poster connected to the project&quot;&gt;\" class=\"wp-image-597\" style=\"width:479px;height:auto\" srcset=\"https:\/\/ksaprometheus.ffzg.unizg.hr\/wp-content\/uploads\/2023\/12\/410470631_727310068988663_704943913383303285_n.jpg 1080w, https:\/\/ksaprometheus.ffzg.unizg.hr\/wp-content\/uploads\/2023\/12\/410470631_727310068988663_704943913383303285_n-300x300.jpg 300w, https:\/\/ksaprometheus.ffzg.unizg.hr\/wp-content\/uploads\/2023\/12\/410470631_727310068988663_704943913383303285_n-1024x1021.jpg 1024w, https:\/\/ksaprometheus.ffzg.unizg.hr\/wp-content\/uploads\/2023\/12\/410470631_727310068988663_704943913383303285_n-150x150.jpg 150w, https:\/\/ksaprometheus.ffzg.unizg.hr\/wp-content\/uploads\/2023\/12\/410470631_727310068988663_704943913383303285_n-768x766.jpg 768w\" sizes=\"auto, (max-width: 1080px) 100vw, 1080px\" \/><\/a><\/figure>\n<\/div>","protected":false},"excerpt":{"rendered":"<p>Praksopologija 2 Pripreme 7. broja Antropolo\u0161kog almanaha Dragi studenti antropologije i srodnih znanosti ili samo ljubitelji antropologije,pozivamo vas na slanje radova za 7. broj \u201cAntropolo\u0161kog almanaha\u201d!\u201cAntropolo\u0161ki almanah\u201d \u010dasopis je koji izlazi od 2015. godine, a od tre\u0107ega je broja potpuno u studentskom vodstvu. U svakom broju izlazi mno\u0161tvo radova i prikaza koje pi\u0161u studenti antropologije [&hellip;]<\/p>\n","protected":false},"author":2,"featured_media":0,"parent":0,"menu_order":0,"comment_status":"closed","ping_status":"closed","template":"","meta":{"footnotes":""},"class_list":["post-351","page","type-page","status-publish","hentry"],"_links":{"self":[{"href":"https:\/\/ksaprometheus.ffzg.unizg.hr\/index.php?rest_route=\/wp\/v2\/pages\/351","targetHints":{"allow":["GET"]}}],"collection":[{"href":"https:\/\/ksaprometheus.ffzg.unizg.hr\/index.php?rest_route=\/wp\/v2\/pages"}],"about":[{"href":"https:\/\/ksaprometheus.ffzg.unizg.hr\/index.php?rest_route=\/wp\/v2\/types\/page"}],"author":[{"embeddable":true,"href":"https:\/\/ksaprometheus.ffzg.unizg.hr\/index.php?rest_route=\/wp\/v2\/users\/2"}],"replies":[{"embeddable":true,"href":"https:\/\/ksaprometheus.ffzg.unizg.hr\/index.php?rest_route=%2Fwp%2Fv2%2Fcomments&post=351"}],"version-history":[{"count":26,"href":"https:\/\/ksaprometheus.ffzg.unizg.hr\/index.php?rest_route=\/wp\/v2\/pages\/351\/revisions"}],"predecessor-version":[{"id":1463,"href":"https:\/\/ksaprometheus.ffzg.unizg.hr\/index.php?rest_route=\/wp\/v2\/pages\/351\/revisions\/1463"}],"wp:attachment":[{"href":"https:\/\/ksaprometheus.ffzg.unizg.hr\/index.php?rest_route=%2Fwp%2Fv2%2Fmedia&parent=351"}],"curies":[{"name":"wp","href":"https:\/\/api.w.org\/{rel}","templated":true}]}}