{"id":349,"date":"2023-06-04T19:35:12","date_gmt":"2023-06-04T17:35:12","guid":{"rendered":"https:\/\/ksaprometheus.ffzg.unizg.hr\/?page_id=349"},"modified":"2023-10-05T11:57:37","modified_gmt":"2023-10-05T09:57:37","slug":"antropoloski-almanah-2","status":"publish","type":"page","link":"https:\/\/ksaprometheus.ffzg.unizg.hr\/?page_id=349","title":{"rendered":"Antropolo\u0161ki almanah"},"content":{"rendered":"\n<p><em>Antropolo\u0161ki almanah<\/em> zapo\u010deo je kao projekt Odsjeka za etnologiju i kulturnu antropologiju Filozofskog fakulteta Sve\u010dili\u0161ta u Zagrebu ve\u0107 tijekom 2014. godine. Profesori, znanstvenici i studenti zajedni\u010dkom su suradnjom oblikovali prvi (2015) i drugi broj (2016) pod uredni\u010dkim vodstvom dr. sc. Darka Pol\u0161eka, redovitog profesora na studiju Antropologije. <\/p>\n\n\n\n<p>Nakon kratke pauze uredni\u0161tvo preuzimaju studenti i to upravo \u010dlanovi na\u0161eg Kluba, dok profesor Pol\u0161ek i dr. sc. Sanja Potkonjak, izvanredna profesorica na Odsjeku za etnologiju i kulturnu antropologiju, nastavljaju sura\u0111ivati kao stru\u010dni savjetnici \u010dasopisa. U takvom sastavu nastaju tre\u0107i (2019) i \u010detvrti broj (2021). Prva \u010detiri izdanja <em>Almanaha <\/em>tiskana su uz financijsku pomo\u0107 Odsjeka za etnologiju i kulturnu antropologiju, pri \u010demu smo im zahvalni. <\/p>\n\n\n\n<p>Do nove promjene dolazi sa petim brojem (2023) u kojem <em>Antropolo\u0161ki almanah<\/em> financijski podupire Filozofski fakultet Sveu\u010dili\u0161ta u Zagrebu zahvaljuju\u0107i javnim pozivima za financiranje studentskih projekata. Tako\u0111er,  na\u0161 \u010dasopis postaje interaktivan, po \u010demu se digitalno izdanje razlikuje od onog tiskanog kojeg mo\u017eete prona\u0107i u knji\u017enici na\u0161eg Fakulteta. <\/p>\n\n\n\n<p>Dok su se doga\u0111ale brojne promjene u sastavima uredni\u0161tva, jedna je stvar ostala konstantna: tematska otvorenost \u010dasopisa. Kako je profesor Pol\u0161ek napisao u prvom uvodniku prvoga broja: &#8220;Ima li i\u010dega \u0161to se ne ti\u010de \u010dovjeka?&#8221; &#8211; mi se s njime sla\u017eemo i nastavljamo s tradicijom tematske i \u017eanrovske otvorenosti svakoga broja.<\/p>\n\n\n\n<p>Ovim putem pozivamo i vas da nam se pridru\u017eite u oblikovanju najnovijeg broja slanjem znanstvenog rada, rasprave, intervjua, putopisa, reporta\u017ee, prikaza &#8211; ili bilo \u010dega drugoga za \u0161to smatrate da se ti\u010de antropologije. Veselimo se suradnji, a do tada pro\u010ditajte uvijek va\u017ene teme obra\u0111ene u prethodnim brojevima!<\/p>\n","protected":false},"excerpt":{"rendered":"<p>Antropolo\u0161ki almanah zapo\u010deo je kao projekt Odsjeka za etnologiju i kulturnu antropologiju Filozofskog fakulteta Sve\u010dili\u0161ta u Zagrebu ve\u0107 tijekom 2014. godine. Profesori, znanstvenici i studenti zajedni\u010dkom su suradnjom oblikovali prvi (2015) i drugi broj (2016) pod uredni\u010dkim vodstvom dr. sc. Darka Pol\u0161eka, redovitog profesora na studiju Antropologije. Nakon kratke pauze uredni\u0161tvo preuzimaju studenti i to [&hellip;]<\/p>\n","protected":false},"author":2,"featured_media":0,"parent":0,"menu_order":0,"comment_status":"closed","ping_status":"closed","template":"","meta":{"footnotes":""},"class_list":["post-349","page","type-page","status-publish","hentry"],"_links":{"self":[{"href":"https:\/\/ksaprometheus.ffzg.unizg.hr\/index.php?rest_route=\/wp\/v2\/pages\/349","targetHints":{"allow":["GET"]}}],"collection":[{"href":"https:\/\/ksaprometheus.ffzg.unizg.hr\/index.php?rest_route=\/wp\/v2\/pages"}],"about":[{"href":"https:\/\/ksaprometheus.ffzg.unizg.hr\/index.php?rest_route=\/wp\/v2\/types\/page"}],"author":[{"embeddable":true,"href":"https:\/\/ksaprometheus.ffzg.unizg.hr\/index.php?rest_route=\/wp\/v2\/users\/2"}],"replies":[{"embeddable":true,"href":"https:\/\/ksaprometheus.ffzg.unizg.hr\/index.php?rest_route=%2Fwp%2Fv2%2Fcomments&post=349"}],"version-history":[{"count":3,"href":"https:\/\/ksaprometheus.ffzg.unizg.hr\/index.php?rest_route=\/wp\/v2\/pages\/349\/revisions"}],"predecessor-version":[{"id":518,"href":"https:\/\/ksaprometheus.ffzg.unizg.hr\/index.php?rest_route=\/wp\/v2\/pages\/349\/revisions\/518"}],"wp:attachment":[{"href":"https:\/\/ksaprometheus.ffzg.unizg.hr\/index.php?rest_route=%2Fwp%2Fv2%2Fmedia&parent=349"}],"curies":[{"name":"wp","href":"https:\/\/api.w.org\/{rel}","templated":true}]}}