{"id":348,"date":"2023-06-04T19:35:12","date_gmt":"2023-06-04T17:35:12","guid":{"rendered":"https:\/\/ksaprometheus.ffzg.unizg.hr\/?page_id=348"},"modified":"2025-01-17T18:24:45","modified_gmt":"2025-01-17T17:24:45","slug":"antropoloski-almanah","status":"publish","type":"page","link":"https:\/\/ksaprometheus.ffzg.unizg.hr\/?page_id=348","title":{"rendered":"Antropolo\u0161ki almanah"},"content":{"rendered":"\n<p>Antropolo\u0161ki almanah po\u010dinje izlaziti od 2015. godine kao \u010dasopis Odsjeka za Etnologiju i kulturnu antropologiju te u njemu izlaze izvorni znanstveni radovi i putopisi. <\/p>\n\n\n\n<p>Od tre\u0107eg broja Antropolo\u0161kog almanaha, Uredni\u0161tvo postaje sasvim studentsko te se izdaju prvenstveno radovi studenata Antropologije, Etnologije i kulturne antropologije te ostalih studenata sa Filozofskog fakulteta u Zagrebu &#8211; dok na\u0161i profesori nastavljaju sura\u0111ivati kao mentori i recenzenti \u010dasopisa.<\/p>\n\n\n\n<p>Neki od ciljeva na\u0161eg godi\u0161njaka su:<\/p>\n\n\n\n<ul class=\"wp-block-list\">\n<li>promoviranje djelatnosti Kluba <em>Prometheus<\/em>, kao i katedre za Antropologiju pri Odsjeku za etnologiju i kulturnu antropologiju na Filozofskom fakultetu u Zagrebu<\/li>\n\n\n\n<li>poticanje studentske aktivnosti u podru\u010dju znanstveno-istra\u017eiva\u010dkog i stru\u010dnog rada<\/li>\n\n\n\n<li>ja\u010danje kriti\u010dkog i kreativnog mi\u0161ljenja u antropologiji i srodnim disciplinama<\/li>\n\n\n\n<li>obavje\u0161tavanje javnosti o postignu\u0107ima suradnika \u010dasopisa, ponajvi\u0161e studenata antropologije<\/li>\n\n\n\n<li>stvaranje arhiva podataka o temama koje su aktualne u antropologiji<br>&#8230;<\/li>\n<\/ul>\n\n\n\n<p>Iz tog razloga sve na\u0161e brojeve mo\u017eete prona\u0107i javno dostupne na na\u0161oj stranici!<\/p>\n\n\n\n<div class=\"wp-block-buttons is-horizontal is-layout-flex wp-block-buttons-is-layout-flex\">\n<div class=\"wp-block-button is-style-fill\"><a class=\"wp-block-button__link has-text-color has-link-color wp-element-button\" href=\"https:\/\/ksaprometheus.ffzg.unizg.hr\/?page_id=349\" style=\"color:#f6f1f1\">Saznaj VI\u0160E O \u010cASOPISU<\/a><\/div>\n<\/div>\n","protected":false},"excerpt":{"rendered":"<p>Antropolo\u0161ki almanah po\u010dinje izlaziti od 2015. godine kao \u010dasopis Odsjeka za Etnologiju i kulturnu antropologiju te u njemu izlaze izvorni znanstveni radovi i putopisi. Od tre\u0107eg broja Antropolo\u0161kog almanaha, Uredni\u0161tvo postaje sasvim studentsko te se izdaju prvenstveno radovi studenata Antropologije, Etnologije i kulturne antropologije te ostalih studenata sa Filozofskog fakulteta u Zagrebu &#8211; dok na\u0161i [&hellip;]<\/p>\n","protected":false},"author":2,"featured_media":0,"parent":0,"menu_order":0,"comment_status":"closed","ping_status":"closed","template":"","meta":{"footnotes":""},"class_list":["post-348","page","type-page","status-publish","hentry"],"_links":{"self":[{"href":"https:\/\/ksaprometheus.ffzg.unizg.hr\/index.php?rest_route=\/wp\/v2\/pages\/348","targetHints":{"allow":["GET"]}}],"collection":[{"href":"https:\/\/ksaprometheus.ffzg.unizg.hr\/index.php?rest_route=\/wp\/v2\/pages"}],"about":[{"href":"https:\/\/ksaprometheus.ffzg.unizg.hr\/index.php?rest_route=\/wp\/v2\/types\/page"}],"author":[{"embeddable":true,"href":"https:\/\/ksaprometheus.ffzg.unizg.hr\/index.php?rest_route=\/wp\/v2\/users\/2"}],"replies":[{"embeddable":true,"href":"https:\/\/ksaprometheus.ffzg.unizg.hr\/index.php?rest_route=%2Fwp%2Fv2%2Fcomments&post=348"}],"version-history":[{"count":8,"href":"https:\/\/ksaprometheus.ffzg.unizg.hr\/index.php?rest_route=\/wp\/v2\/pages\/348\/revisions"}],"predecessor-version":[{"id":1322,"href":"https:\/\/ksaprometheus.ffzg.unizg.hr\/index.php?rest_route=\/wp\/v2\/pages\/348\/revisions\/1322"}],"wp:attachment":[{"href":"https:\/\/ksaprometheus.ffzg.unizg.hr\/index.php?rest_route=%2Fwp%2Fv2%2Fmedia&parent=348"}],"curies":[{"name":"wp","href":"https:\/\/api.w.org\/{rel}","templated":true}]}}