{"id":343,"date":"2023-06-04T19:35:12","date_gmt":"2023-06-04T17:35:12","guid":{"rendered":"https:\/\/ksaprometheus.ffzg.unizg.hr\/?page_id=343"},"modified":"2026-02-20T14:51:42","modified_gmt":"2026-02-20T13:51:42","slug":"statut","status":"publish","type":"page","link":"https:\/\/ksaprometheus.ffzg.unizg.hr\/?page_id=343","title":{"rendered":"Statut"},"content":{"rendered":"\n<p>Statut Kluba studenata antropologije &#8211; Prometheus temeljni je akt na\u0161e udruge, koji definira ime, sjedi\u0161te, ciljeve, djelatnosti, tijela upravljanja te prava i obveze \u010dlanova. Usvaja se na skup\u0161tini, mora biti uskla\u0111en sa Zakonom o udrugama te je nu\u017ean za registraciju i legalno djelovanje udruge. Radi preglednosti, u nastavku se nalazi pro\u010di\u0161\u0107en tekst Satuta.<\/p>\n\n\n\n<div class=\"wp-block-group is-nowrap is-layout-flex wp-container-core-group-is-layout-ad2f72ca wp-block-group-is-layout-flex\">\n<div data-wp-interactive=\"core\/file\" class=\"wp-block-file\"><object data-wp-bind--hidden=\"!state.hasPdfPreview\" hidden class=\"wp-block-file__embed\" data=\"https:\/\/ksaprometheus.ffzg.unizg.hr\/wp-content\/uploads\/2026\/02\/STATUT_2023-KSA-Prometheus_procisceno.pdf\" type=\"application\/pdf\" style=\"width:100%;height:600px\" aria-label=\"Embed of STATUT_2023 KSA Prometheus_pro\u010di\u0161\u0107eno.\"><\/object><a id=\"wp-block-file--media-b5a76972-cb95-41cf-ad34-aa9387b66274\" href=\"https:\/\/ksaprometheus.ffzg.unizg.hr\/wp-content\/uploads\/2026\/02\/STATUT_2023-KSA-Prometheus_procisceno.pdf\">STATUT_2023 KSA Prometheus_pro\u010di\u0161\u0107eno<\/a><a href=\"https:\/\/ksaprometheus.ffzg.unizg.hr\/wp-content\/uploads\/2026\/02\/STATUT_2023-KSA-Prometheus_procisceno.pdf\" class=\"wp-block-file__button wp-element-button\" download aria-describedby=\"wp-block-file--media-b5a76972-cb95-41cf-ad34-aa9387b66274\">Download<\/a><\/div>\n\n\n\n<div class=\"wp-block-columns is-layout-flex wp-container-core-columns-is-layout-9d6595d7 wp-block-columns-is-layout-flex\">\n<div class=\"wp-block-column is-layout-flow wp-block-column-is-layout-flow\"><\/div>\n<\/div>\n<\/div>\n\n\n\n<p>Ovdje mo\u017eete pro\u010ditati izvorni Statut Kluba (2017) te Izmjene i dopune (2023) koje omogu\u0107uju da na\u0161 Klub uspje\u0161no djeluje, a koji su usvojeni na osniva\u010dkoj, odnosno izbornoj Skup\u0161tini.<\/p>\n\n\n\n<div class=\"wp-block-columns alignwide is-layout-flex wp-container-core-columns-is-layout-9d6595d7 wp-block-columns-is-layout-flex\">\n<div class=\"wp-block-column is-layout-flow wp-block-column-is-layout-flow\">\n<div class=\"wp-block-group\"><div class=\"wp-block-group__inner-container is-layout-constrained wp-block-group-is-layout-constrained\">\n<div data-wp-interactive=\"core\/file\" class=\"wp-block-file\"><object data-wp-bind--hidden=\"!state.hasPdfPreview\" hidden class=\"wp-block-file__embed\" data=\"https:\/\/ksaprometheus.ffzg.unizg.hr\/wp-content\/uploads\/2023\/10\/Statut_Izvorni_dokument_2017-07-17.pdf\" type=\"application\/pdf\" style=\"width:100%;height:600px\" aria-label=\"Embed of Statut_Izvorni_dokument_2017-07-17.\"><\/object><a id=\"wp-block-file--media-df690c94-3753-4bb4-8c88-d16c1e65786e\" href=\"https:\/\/ksaprometheus.ffzg.unizg.hr\/wp-content\/uploads\/2023\/10\/Statut_Izvorni_dokument_2017-07-17.pdf\">Statut_Izvorni_dokument_2017-07-17<\/a><a href=\"https:\/\/ksaprometheus.ffzg.unizg.hr\/wp-content\/uploads\/2023\/10\/Statut_Izvorni_dokument_2017-07-17.pdf\" class=\"wp-block-file__button wp-element-button\" download aria-describedby=\"wp-block-file--media-df690c94-3753-4bb4-8c88-d16c1e65786e\">Download<\/a><\/div>\n<\/div><\/div>\n<\/div>\n\n\n\n<div class=\"wp-block-column is-layout-flow wp-block-column-is-layout-flow\">\n<div data-wp-interactive=\"core\/file\" class=\"wp-block-file\"><object data-wp-bind--hidden=\"!state.hasPdfPreview\" hidden class=\"wp-block-file__embed\" data=\"https:\/\/ksaprometheus.ffzg.unizg.hr\/wp-content\/uploads\/2023\/10\/Statut_Izmjene_i_dopune_2023-02-06.pdf\" type=\"application\/pdf\" style=\"width:100%;height:600px\" aria-label=\"Embed of Statut_Izmjene_i_dopune_2023-02-06.\"><\/object><a id=\"wp-block-file--media-895fc1ec-5cdd-4adc-a946-ece7d37ba188\" href=\"https:\/\/ksaprometheus.ffzg.unizg.hr\/wp-content\/uploads\/2023\/10\/Statut_Izmjene_i_dopune_2023-02-06.pdf\">Statut_Izmjene_i_dopune_2023-02-06<\/a><a href=\"https:\/\/ksaprometheus.ffzg.unizg.hr\/wp-content\/uploads\/2023\/10\/Statut_Izmjene_i_dopune_2023-02-06.pdf\" class=\"wp-block-file__button wp-element-button\" download aria-describedby=\"wp-block-file--media-895fc1ec-5cdd-4adc-a946-ece7d37ba188\">Download<\/a><\/div>\n<\/div>\n<\/div>\n","protected":false},"excerpt":{"rendered":"<p>Statut Kluba studenata antropologije &#8211; Prometheus temeljni je akt na\u0161e udruge, koji definira ime, sjedi\u0161te, ciljeve, djelatnosti, tijela upravljanja te prava i obveze \u010dlanova. Usvaja se na skup\u0161tini, mora biti uskla\u0111en sa Zakonom o udrugama te je nu\u017ean za registraciju i legalno djelovanje udruge. Radi preglednosti, u nastavku se nalazi pro\u010di\u0161\u0107en tekst Satuta. Ovdje mo\u017eete [&hellip;]<\/p>\n","protected":false},"author":2,"featured_media":0,"parent":0,"menu_order":0,"comment_status":"closed","ping_status":"closed","template":"","meta":{"footnotes":""},"class_list":["post-343","page","type-page","status-publish","hentry"],"_links":{"self":[{"href":"https:\/\/ksaprometheus.ffzg.unizg.hr\/index.php?rest_route=\/wp\/v2\/pages\/343","targetHints":{"allow":["GET"]}}],"collection":[{"href":"https:\/\/ksaprometheus.ffzg.unizg.hr\/index.php?rest_route=\/wp\/v2\/pages"}],"about":[{"href":"https:\/\/ksaprometheus.ffzg.unizg.hr\/index.php?rest_route=\/wp\/v2\/types\/page"}],"author":[{"embeddable":true,"href":"https:\/\/ksaprometheus.ffzg.unizg.hr\/index.php?rest_route=\/wp\/v2\/users\/2"}],"replies":[{"embeddable":true,"href":"https:\/\/ksaprometheus.ffzg.unizg.hr\/index.php?rest_route=%2Fwp%2Fv2%2Fcomments&post=343"}],"version-history":[{"count":5,"href":"https:\/\/ksaprometheus.ffzg.unizg.hr\/index.php?rest_route=\/wp\/v2\/pages\/343\/revisions"}],"predecessor-version":[{"id":1603,"href":"https:\/\/ksaprometheus.ffzg.unizg.hr\/index.php?rest_route=\/wp\/v2\/pages\/343\/revisions\/1603"}],"wp:attachment":[{"href":"https:\/\/ksaprometheus.ffzg.unizg.hr\/index.php?rest_route=%2Fwp%2Fv2%2Fmedia&parent=343"}],"curies":[{"name":"wp","href":"https:\/\/api.w.org\/{rel}","templated":true}]}}