{"id":342,"date":"2023-06-04T19:35:12","date_gmt":"2023-06-04T17:35:12","guid":{"rendered":"https:\/\/ksaprometheus.ffzg.unizg.hr\/?page_id=342"},"modified":"2025-03-26T08:18:47","modified_gmt":"2025-03-26T07:18:47","slug":"clanstvo","status":"publish","type":"page","link":"https:\/\/ksaprometheus.ffzg.unizg.hr\/?page_id=342","title":{"rendered":"\u010clanstvo"},"content":{"rendered":"\n<div class=\"wp-block-group\"><div class=\"wp-block-group__inner-container is-layout-constrained wp-block-group-is-layout-constrained\">\n<p><em>Tko sve mo\u017ee biti \u010dlan Prometheusa?<\/em><\/p>\n\n\n\n<div class=\"wp-block-group\"><div class=\"wp-block-group__inner-container is-layout-constrained wp-block-group-is-layout-constrained\">\n<p class=\"has-text-align-left\">Bilo koji student Filozofskog&nbsp;fakulteta Sveu\u010dili\u0161ta u Zagrebu koji je iskazao interes za rad u Klubu.<\/p>\n<\/div><\/div>\n<\/div><\/div>\n\n\n\n<div class=\"wp-block-group\"><div class=\"wp-block-group__inner-container is-layout-constrained wp-block-group-is-layout-constrained\">\n<p><em>Koje kategorije \u010dlanstva postoje?<\/em> <\/p>\n\n\n\n<ol class=\"wp-block-list\">\n<li>Punopravno \u010dlanstvo &#8211; podrazumijeva prvenstveno zainteresirane studente ili apsolvente prijediplomskog,&nbsp;diplomskog ili poslijediplomskog studija Antropologije ili Etnologije i kulturne antropologije na Filozofskom fakultetu Sveu\u010dili\u0161ta u Zagrebu; punopravni \u010dlanovi imaju pravo birati i biti birani u tijela Kluba<br><\/li>\n\n\n\n<li>&nbsp;Pridru\u017eeno \u010dlanstvo &#8211; podrazumijeva diplomirane antropologe (alumnije), ali i redovne studente Filozofskog fakulteta Sveu\u010dili\u0161ta u Zagrebu koji su iskazali interes za rad u Klubu i koji prihva\u0107aju Statut Kluba; pridru\u017eeni \u010dlanovi nemaju pravo birati ni biti birani u tijela Kluba&nbsp;<br><\/li>\n\n\n\n<li>Po\u010dasno \u010dlanstvo &#8211;  dodijeljuje se osobi koja je iznimno doprinijela radu i napretku Kluba; po\u010dasne \u010dlanove potvr\u0111uje Skup\u0161tina na prijedlog punopravnog \u010dlana Kluba<\/li>\n<\/ol>\n<\/div><\/div>\n\n\n\n<div class=\"wp-block-group alignfull has-text-color has-background\" style=\"color:#000000;background-color:#ffffff\"><div class=\"wp-block-group__inner-container is-layout-flow wp-block-group-is-layout-flow\">\n<h2 class=\"wp-block-heading has-text-align-center\" id=\"schedule-a-visit\" style=\"font-size:59px;line-height:1.15\"><strong>\u017deli\u0161 postati \u010dlan_ica Kluba?<\/strong><\/h2>\n<\/div><\/div>\n\n\n\n<div style=\"height:82px\" aria-hidden=\"true\" class=\"wp-block-spacer\"><\/div>\n\n\n\n<div class=\"forminator-guttenberg\"><div class=\"forminator-ui forminator-custom-form forminator-custom-form-1391 forminator-design--default  forminator_ajax\" data-forminator-render=\"0\" data-form=\"forminator-module-1391\" data-uid=\"69dfde6f92318\"><br\/><\/div><form\n\t\t\t\tid=\"forminator-module-1391\"\n\t\t\t\tclass=\"forminator-ui forminator-custom-form forminator-custom-form-1391 forminator-design--default  forminator_ajax\"\n\t\t\t\tmethod=\"post\"\n\t\t\t\tdata-forminator-render=\"0\"\n\t\t\t\tdata-form-id=\"1391\"\n\t\t\t\t data-color-option=\"theme\" data-design=\"default\" data-grid=\"open\" style=\"display: none;\"\n\t\t\t\tdata-uid=\"69dfde6f92318\"\n\t\t\t><div role=\"alert\" aria-live=\"polite\" class=\"forminator-response-message forminator-error\" aria-hidden=\"true\"><\/div><div class=\"forminator-row\"><div id=\"name-1\" class=\"forminator-field-name forminator-col forminator-col-12 \"><div class=\"forminator-field\"><label for=\"forminator-field-name-1_69dfde6f92318\" id=\"forminator-field-name-1_69dfde6f92318-label\" class=\"forminator-label\">Ime i prezime <span class=\"forminator-required\">*<\/span><\/label><input type=\"text\" name=\"name-1\" value=\"\" placeholder=\"\" id=\"forminator-field-name-1_69dfde6f92318\" class=\"forminator-input forminator-name--field\" aria-required=\"true\" autocomplete=\"name\" \/><\/div><\/div><\/div><div class=\"forminator-row\"><div id=\"email-1\" class=\"forminator-field-email forminator-col forminator-col-12 \"><div class=\"forminator-field\"><label for=\"forminator-field-email-1_69dfde6f92318\" id=\"forminator-field-email-1_69dfde6f92318-label\" class=\"forminator-label\">Email adresa <span class=\"forminator-required\">*<\/span><\/label><input type=\"email\" name=\"email-1\" value=\"\" placeholder=\"\" id=\"forminator-field-email-1_69dfde6f92318\" class=\"forminator-input forminator-email--field\" data-required=\"true\" aria-required=\"true\" autocomplete=\"email\" \/><\/div><\/div><\/div><div class=\"forminator-row\"><div id=\"textarea-1\" class=\"forminator-field-textarea forminator-col forminator-col-12 \"><div class=\"forminator-field\"><label for=\"forminator-field-textarea-1_69dfde6f92318\" id=\"forminator-field-textarea-1_69dfde6f92318-label\" class=\"forminator-label\">Poruka<\/label><span id=\"forminator-field-textarea-1_69dfde6f92318-description\" class=\"forminator-description\"><span data-limit=\"180\" data-type=\"characters\" data-editor=\"\">0 \/ 180<\/span><\/span><textarea name=\"textarea-1\" placeholder=\"Unesite svoju poruku...\" id=\"forminator-field-textarea-1_69dfde6f92318\" class=\"forminator-textarea\" rows=\"6\" style=\"min-height:140px;\" maxlength=\"180\" ><\/textarea><\/div><\/div><\/div><input type=\"hidden\" name=\"referer_url\" value=\"\" \/><div class=\"forminator-row forminator-row-last\"><div class=\"forminator-col\"><div class=\"forminator-field\"><button class=\"forminator-button forminator-button-submit\">Po&scaron;alji<\/button><\/div><\/div><\/div><input type=\"hidden\" id=\"forminator_nonce\" name=\"forminator_nonce\" value=\"85318cc1c1\" \/><input type=\"hidden\" name=\"_wp_http_referer\" value=\"\/index.php?rest_route=%2Fwp%2Fv2%2Fpages%2F342\" \/><input type=\"hidden\" name=\"form_id\" value=\"1391\"><input type=\"hidden\" name=\"page_id\" value=\"342\"><input type=\"hidden\" name=\"form_type\" value=\"default\"><input type=\"hidden\" name=\"current_url\" value=\"https:\/\/ksaprometheus.ffzg.unizg.hr\/?page_id=342\"><input type=\"hidden\" name=\"render_id\" value=\"0\"><input type=\"hidden\" name=\"action\" value=\"forminator_submit_form_custom-forms\"><\/form><\/div>\n","protected":false},"excerpt":{"rendered":"<p>Tko sve mo\u017ee biti \u010dlan Prometheusa? Bilo koji student Filozofskog&nbsp;fakulteta Sveu\u010dili\u0161ta u Zagrebu koji je iskazao interes za rad u Klubu. Koje kategorije \u010dlanstva postoje? \u017deli\u0161 postati \u010dlan_ica Kluba?<\/p>\n","protected":false},"author":2,"featured_media":0,"parent":0,"menu_order":0,"comment_status":"closed","ping_status":"closed","template":"","meta":{"footnotes":""},"class_list":["post-342","page","type-page","status-publish","hentry"],"_links":{"self":[{"href":"https:\/\/ksaprometheus.ffzg.unizg.hr\/index.php?rest_route=\/wp\/v2\/pages\/342","targetHints":{"allow":["GET"]}}],"collection":[{"href":"https:\/\/ksaprometheus.ffzg.unizg.hr\/index.php?rest_route=\/wp\/v2\/pages"}],"about":[{"href":"https:\/\/ksaprometheus.ffzg.unizg.hr\/index.php?rest_route=\/wp\/v2\/types\/page"}],"author":[{"embeddable":true,"href":"https:\/\/ksaprometheus.ffzg.unizg.hr\/index.php?rest_route=\/wp\/v2\/users\/2"}],"replies":[{"embeddable":true,"href":"https:\/\/ksaprometheus.ffzg.unizg.hr\/index.php?rest_route=%2Fwp%2Fv2%2Fcomments&post=342"}],"version-history":[{"count":11,"href":"https:\/\/ksaprometheus.ffzg.unizg.hr\/index.php?rest_route=\/wp\/v2\/pages\/342\/revisions"}],"predecessor-version":[{"id":1398,"href":"https:\/\/ksaprometheus.ffzg.unizg.hr\/index.php?rest_route=\/wp\/v2\/pages\/342\/revisions\/1398"}],"wp:attachment":[{"href":"https:\/\/ksaprometheus.ffzg.unizg.hr\/index.php?rest_route=%2Fwp%2Fv2%2Fmedia&parent=342"}],"curies":[{"name":"wp","href":"https:\/\/api.w.org\/{rel}","templated":true}]}}