{"id":340,"date":"2023-06-04T19:35:12","date_gmt":"2023-06-04T17:35:12","guid":{"rendered":"https:\/\/ksaprometheus.ffzg.unizg.hr\/?page_id=340"},"modified":"2026-05-12T10:16:34","modified_gmt":"2026-05-12T08:16:34","slug":"povijest","status":"publish","type":"page","link":"https:\/\/ksaprometheus.ffzg.unizg.hr\/?page_id=340","title":{"rendered":"Povijest"},"content":{"rendered":"\n<p><em>Prometheus<\/em> se svojim djelovanjem nastavlja na zamrli Studentski klub antropologa <em>Anthropos<\/em> &#8211; koji je slu\u017ebeno postojao od 2002. do 2018. godine. Tijekom navedenog razoblja <em>Anthropos<\/em> je omogu\u0107io brojnim generacijama studenata da aktivno sudjeluju u oblikovanju vlastitih obrazovnih mogu\u0107nosti na Filozofskom fakultetu u Zagrebu, pri \u010demu je Klub pru\u017eao pomo\u0107 studentima u ostvarivanju njihovih prava u obliku posredovanja u komunikaciji izme\u0111u studenata i upravnih tijela sveu\u010dili\u0161nih i drugih institucija, ali i predstavljao platformu za me\u0111usobna dru\u017eenja \u010dlanova. Osim toga, \u010dlanovi su nau\u010dili organizirati znantvene konferencije, tribine, skupove i seminare; oku\u0161ali su se u istra\u017eiva\u010dkom radu i razmjenjivali ideje za daljnje \u0161irenje struke.<\/p>\n\n\n\n<p><em>Prometheus<\/em> je zapo\u010deo s radom u listopadu 2016. godine, a slu\u017ebeno je utemeljen 17. srpnja 2017. godine. Pokreta\u010di Kluba bili su studenti Andrea Horvat, Iva Burazin, Matija Kurelja, Tonko Cari\u0107, Vigor Vukoti\u0107 i Viktorija \u0106urlin. Klub su vodili idu\u0107i predstavnici:<\/p>\n\n\n\n<ul class=\"wp-block-list\">\n<li>koordinatorica Andrea Horvat; zamjenica Viktorija \u0106urlin; tajnici Tonko Cari\u0107 i Mirta \u0160utej (2017-2018)<\/li>\n\n\n\n<li>koordinator Matija Krizmani\u0107; zamjenica Lucija Bili\u010di\u0107; tajnica Viktorija \u0106urlin (2018-2019)<\/li>\n\n\n\n<li>koordinator Filip Tiljak; zamjenica Teodora Katarina Valjeti\u0107; tajnica Lara Ra\u0161in (2019-2022)<\/li>\n<\/ul>\n\n\n\n<p>U 2023. godini novoizabrano vodstvo <em>Prometheusa<\/em> uvelo je izmjene Statuta, \u010dime od tada Klub umjesto dosada\u0161njih koordinatora predstavljaju izabrani \u010dlanovi Predsjedni\u0161tva udruge. <\/p>\n\n\n\n<ul class=\"wp-block-list\">\n<li>predsjednica Paula Pai\u0107; potpredsjednica Dora Budimir; glavna tajnica Ivana Primorac (2023)<\/li>\n\n\n\n<li>predsjednica Dora Budimir; potpredsjednica Paula Pai\u0107; glavna tajnica Zoi Vukovi\u0107 Sesarti\u0107 (2024)<\/li>\n\n\n\n<li>predsjednica Dora Le\u0161njak; potpredsjednica Barbara \u0160imi\u0107; glavna tajnica Dora Malinari\u0107 (2025)<\/li>\n\n\n\n<li>predsjednica Tara Greif; potpredsjednica Jana Ga\u0161ljevi\u0107 Vukobratovi\u0107; glavna tajnica Dora Malinari\u0107 (2026)<\/li>\n<\/ul>\n\n\n\n<p>Dvije godine nakon utemeljenja Klub je u svoje djelatnosti uklju\u010dio i ure\u0111ivanje \u010dasopisa <em>Antropolo\u0161ki almanah<\/em>, gdje studenti i ostali zainteresirani stru\u010dnjaci-antropolozi iz Hrvatske i inozemstva objavljuju svoje (prve) znanstvene i stru\u010dne radove. <\/p>\n\n\n\n<p>Klub je otvoren svim studentima antropologije te ostalim studentima Sveu\u010dili\u0161ta koji dijele zanimanje i ljubav prema polju antropologije.<\/p>\n","protected":false},"excerpt":{"rendered":"<p>Prometheus se svojim djelovanjem nastavlja na zamrli Studentski klub antropologa Anthropos &#8211; koji je slu\u017ebeno postojao od 2002. do 2018. godine. Tijekom navedenog razoblja Anthropos je omogu\u0107io brojnim generacijama studenata da aktivno sudjeluju u oblikovanju vlastitih obrazovnih mogu\u0107nosti na Filozofskom fakultetu u Zagrebu, pri \u010demu je Klub pru\u017eao pomo\u0107 studentima u ostvarivanju njihovih prava u [&hellip;]<\/p>\n","protected":false},"author":2,"featured_media":0,"parent":0,"menu_order":0,"comment_status":"closed","ping_status":"closed","template":"","meta":{"footnotes":""},"class_list":["post-340","page","type-page","status-publish","hentry"],"_links":{"self":[{"href":"https:\/\/ksaprometheus.ffzg.unizg.hr\/index.php?rest_route=\/wp\/v2\/pages\/340","targetHints":{"allow":["GET"]}}],"collection":[{"href":"https:\/\/ksaprometheus.ffzg.unizg.hr\/index.php?rest_route=\/wp\/v2\/pages"}],"about":[{"href":"https:\/\/ksaprometheus.ffzg.unizg.hr\/index.php?rest_route=\/wp\/v2\/types\/page"}],"author":[{"embeddable":true,"href":"https:\/\/ksaprometheus.ffzg.unizg.hr\/index.php?rest_route=\/wp\/v2\/users\/2"}],"replies":[{"embeddable":true,"href":"https:\/\/ksaprometheus.ffzg.unizg.hr\/index.php?rest_route=%2Fwp%2Fv2%2Fcomments&post=340"}],"version-history":[{"count":16,"href":"https:\/\/ksaprometheus.ffzg.unizg.hr\/index.php?rest_route=\/wp\/v2\/pages\/340\/revisions"}],"predecessor-version":[{"id":1642,"href":"https:\/\/ksaprometheus.ffzg.unizg.hr\/index.php?rest_route=\/wp\/v2\/pages\/340\/revisions\/1642"}],"wp:attachment":[{"href":"https:\/\/ksaprometheus.ffzg.unizg.hr\/index.php?rest_route=%2Fwp%2Fv2%2Fmedia&parent=340"}],"curies":[{"name":"wp","href":"https:\/\/api.w.org\/{rel}","templated":true}]}}